{"id":409,"date":"2023-06-05T02:52:49","date_gmt":"2023-06-04T23:52:49","guid":{"rendered":"https:\/\/www.kubamuhendislik.com\/en\/?page_id=409"},"modified":"2023-06-08T01:41:28","modified_gmt":"2023-06-07T22:41:28","slug":"referanslarimiz","status":"publish","type":"page","link":"https:\/\/www.kubamuhendislik.com\/en\/?page_id=409","title":{"rendered":"Our Clients"},"content":{"rendered":"\n<figure class=\"wp-block-table is-style-regular\" style=\"font-size:14px\"><table class=\"has-black-color has-text-color\"><tbody><tr><td><strong>Company Name<\/strong><\/td><td><strong>Provided Service<\/strong><\/td><td><strong>Country \/ City<\/strong><\/td><\/tr><tr><td>His Kam\u0131\u015f<\/td><td>Yang\u0131n Dolab\u0131 ve Hidrant Hatt\u0131<\/td><td>Mersin<\/td><\/tr><tr><td>Primedent Di\u015f Klini\u011fi<\/td><td>Klima Santrali ile Havaland\u0131rma ve Merkezi Klima \u0130\u015fleri<\/td><td>Adana<\/td><\/tr><tr><td>\u0130\u00e7el Efor Tekstil<\/td><td>Fabrika Pompa Dairesi ve Yang\u0131n Sistemi Kurulmas\u0131<\/td><td>Mersin<\/td><\/tr><tr><td>Zerova \u0130\u00e7 F\u0131st\u0131k Borsas\u0131<\/td><td>Lisansl\u0131 Depo \u0130klimlendirme \u0130\u015fleri<\/td><td>Gaziantep<\/td><\/tr><tr><td>Sporkent Sitesi<\/td><td>4. Etap Is\u0131tma Sistemi Kurulmas\u0131<\/td><td>Mersin<\/td><\/tr><tr><td>Sas T\u00fct\u00fcn<\/td><td>Al\u00fcminyum Boru Bas\u0131n\u00e7l\u0131 Hava Tesisat\u0131 Dizayn\u0131 ve \u0130malat\u0131<\/td><td>Mersin<\/td><\/tr><tr><td>Trend Konfeksiyon<\/td><td>Fabrika Su Bas\u0131n\u00e7land\u0131rma Sistemi Revizyonu<\/td><td>Mersin<\/td><\/tr><tr><td>Trend Konfeksiyon<\/td><td>Fabrika Buhar Sistemi Revizyonu<\/td><td>Mersin<\/td><\/tr><tr><td>Anamur \u0130mam Hatip Lisesi<\/td><td>G\u00fcne\u015f Enerjisi ve Is\u0131 Pompas\u0131 ile Otomasyonlu S\u0131cak Su Sistemi<\/td><td>Mersin<\/td><\/tr><tr><td>Anamur \u0130mam Hatip Lisesi<\/td><td>Davlumbaz S\u00f6nd\u00fcrme Sistemi<\/td><td>Mersin<\/td><\/tr><tr><td>Mimar Sinan M.T.A.L<\/td><td>Ek Bina Yang\u0131n Sistemi Yap\u0131m \u0130\u015fi<\/td><td>Mersin<\/td><\/tr><tr><td>No:33 Butik<\/td><td>3 Katl\u0131 Ma\u011fazan\u0131n Havaland\u0131rma ve Merkezi Klima \u0130\u015fleri<\/td><td>Mersin<\/td><\/tr><tr><td>No:33 Butik<\/td><td>Vrf Sistem Kurulumu<\/td><td>Adana<\/td><\/tr><tr><td>Kaz\u0131m Karabekir Ortaokulu<\/td><td>Havaland\u0131rma \u0130\u015fleri<\/td><td>Mersin<\/td><\/tr><tr><td>Koma\u015f A.\u015e. <\/td><td>Bi\u015fkek Koma \u00d6zgen Camii Yang\u0131n Pompas\u0131 ve Hidrofor Temini<\/td><td>Kyrgyzstan<\/td><\/tr><tr><td>T.C. Mersin B\u00fcy\u00fck\u015fehir Belediyesi<\/td><td>Meski Teknik Hizmetler Binas\u0131 Split Klima \u0130\u015fleri<\/td><td>Mersin<\/td><\/tr><tr><td>\u00d6ner Grup A.\u015e.<\/td><td>Laboratuvar Havaland\u0131rmas\u0131 ve Vrf Sistemi Kurulmas\u0131<\/td><td>Mersin<\/td><\/tr><tr><td>Menge Baraj\u0131<\/td><td>Proje Dahilinde Klima ve Is\u0131t\u0131c\u0131 Temini<\/td><td>Adana<\/td><\/tr><tr><td>T.C. Mersin Valil\u011fi<\/td><td>Valilik Konutu Havaland\u0131rma, Klima, Is\u0131tma ve So\u011futma \u0130\u015fleri<\/td><td>Mersin<\/td><\/tr><tr><td>Er Lojistik<\/td><td>Havaland\u0131rma, Klima, Is\u0131tma ve So\u011futma \u0130\u015fleri<\/td><td>Mersin<\/td><\/tr><tr><td>T.C. Hani H\u00fck\u00fcmet Kona\u011f\u0131<\/td><td>Vrf Sistem Kurulumu<\/td><td>Diyarbak\u0131r<\/td><\/tr><tr><td>T.C. Mersin B\u00fcy\u00fck\u015fehir Belediyesi<\/td><td>Yal\u0131nayak Okuma Merkezi Vrf Sistem Kurulumu<\/td><td>Mersin<\/td><\/tr><tr><td>T.C. Mersin B\u00fcy\u00fck\u015fehir Belediyesi<\/td><td>Tarsus Matematik Evi Vrf Sistem Kurulumu<\/td><td>Mersin<\/td><\/tr><tr><td>T.C. Mersin B\u00fcy\u00fck\u015fehir Belediyesi<\/td><td>\u00c7avu\u015flu Ambar Destek Binas\u0131 Vrf Sistem Kurulumu<\/td><td>Mersin<\/td><\/tr><tr><td>T.C. Mersin B\u00fcy\u00fck\u015fehir Belediyesi<\/td><td>Tarsus Kurs Merkezi Bak\u0131m Ve Onar\u0131m Klima \u0130\u015fleri<\/td><td>Mersin<\/td><\/tr><tr><td>T.C. \u0130zmir B\u00fcy\u00fck\u015fehir Belediyesi<\/td><td>\u00c7i\u011fli Masalevi Vrf Sistem Kurulumu<\/td><td>\u0130zmir<\/td><\/tr><tr><td>T.C. \u0130zmir B\u00fcy\u00fck\u015fehir Belediyesi<\/td><td>Uzundere Kentsel D\u00f6n\u00fc\u015f\u00fcm ve Geli\u015fim Alan\u0131 Vrf Sistem Kurulumu<\/td><td>\u0130zmir<\/td><\/tr><tr><td>T.C. \u0130zmir Karaba\u011flar Belediyesi<\/td><td>Vrf Sistem Kurulumu<\/td><td>\u0130zmir<\/td><\/tr><tr><td>T.C. Diyanet \u0130\u015fleri Ba\u015fkanl\u0131\u011f\u0131<\/td><td>Kahta Camii Vrf Sistem Kurulumu<\/td><td>Ad\u0131yaman<\/td><\/tr><tr><td>Sayapark AVM \/ Ot Kafe<\/td><td>End\u00fcstriyel Mutfak ve Klima Kurulumu<\/td><td>Mersin<\/td><\/tr><tr><td>T\u00fcp Bebek Merkezi<\/td><td>\u0130dari Kat Vrf Sistem Kurulumu<\/td><td>Mersin<\/td><\/tr><tr><td>Su Hastanesi<\/td><td>\u0130lave Bina Vrf Sistem Kurulumu<\/td><td>Mersin<\/td><\/tr><tr><td>BN Hotel<\/td><td>Radyant Is\u0131t\u0131c\u0131 ve Do\u011falgaz Tesisat\u0131<\/td><td>Mersin<\/td><\/tr><tr><td>Tarsus OSB Teknik Masura<\/td><td>\u0130dari Bina Vrf Sistem Kurulumu<\/td><td>Mersin<\/td><\/tr><tr><td>Ye\u015filyurt \u0130n\u015faat \/ Tece Villa Projesi<\/td><td>Vrf Sistem Kurulumu ve Yerden Is\u0131tma Sistem Kurulumu<\/td><td>Mersin<\/td><\/tr><tr><td>Ye\u015filyurt \u0130n\u015faat \/ Erdemli Yayla Projesi<\/td><td>Is\u0131 Pompas\u0131 ve Yerden Is\u0131tma Sistemi<\/td><td>Mersin<\/td><\/tr><tr><td>Dr. \u0130lker Karaku\u015f Yayla Evi Projesi<\/td><td>Yerden Is\u0131tma Sistem Kurulumu<\/td><td>Mersin<\/td><\/tr><tr><td>T.C. Karayollar\u0131 5. B\u00f6lge M\u00fcd\u00fcrl\u00fc\u011f\u00fc<\/td><td>Vrf Sistem Kurulumu<\/td><td>Kahramanmara\u015f<\/td><\/tr><tr><td>Kahramanmara\u015f Spor Kul\u00fcb\u00fc<\/td><td>Vrf Sistem Kurulumu<\/td><td>Kahramanmara\u015f<\/td><\/tr><tr><td>D\u00fczce \u0130lkokulu\/Ortaokulu<\/td><td>Vrf Sistem Kurulumu<\/td><td>D\u00fczce<\/td><\/tr><tr><td>D\u00fczce \u0130lkokulu\/Ortaokulu<\/td><td>Hidrofor ve Sirk\u00fclasyon Pompa Grubu Temini<\/td><td>D\u00fczce<\/td><\/tr><tr><td>Ekmek Kona\u011f\u0131 Patiseri<\/td><td>Vrf Sistem Kurulumu<\/td><td>Mersin<\/td><\/tr><tr><td>O.T.S Open Turizm Seyahat A.\u015e.<\/td><td>Vrf Sistem Kurulumu<\/td><td>Antalya<\/td><\/tr><tr><td>O.T.S Open Turizm Seyahat A.\u015e.<\/td><td>Bodrum \u015eube Vrf Sistem Kurulumu<\/td><td>Mu\u011fla<\/td><\/tr><tr><td>Oder L&#8217;iris Tekstil<\/td><td>Havaland\u0131rma \u0130\u015fleri<\/td><td>Mersin<\/td><\/tr><tr><td>\u00d6k\u00fcz Burger<\/td><td>End\u00fcstriyel Mutfak Havaland\u0131rma Santrali Kurulumu<\/td><td>Mersin<\/td><\/tr><tr><td>T.C. Diyarbak\u0131r Emniyet M\u00fcd\u00fcrl\u00fc\u011f\u00fc<\/td><td>25 Yatakl\u0131 Otel Projesi Vrf Sistem Kurulumu ve Mekanik \u0130\u015fleri<\/td><td>Diyarbak\u0131r<\/td><\/tr><\/tbody><\/table><\/figure>\n","protected":false},"excerpt":{"rendered":"<p>Company Name Provided Service Country \/ City His Kam\u0131\u015f Yang\u0131n Dolab\u0131 ve Hidrant Hatt\u0131 Mersin Primedent Di\u015f Klini\u011fi Klima Santrali ile Havaland\u0131rma ve Merkezi Klima \u0130\u015fleri Adana \u0130\u00e7el Efor Tekstil Fabrika Pompa Dairesi ve Yang\u0131n Sistemi Kurulmas\u0131 Mersin Zerova \u0130\u00e7 F\u0131st\u0131k Borsas\u0131 Lisansl\u0131 Depo \u0130klimlendirme \u0130\u015fleri Gaziantep Sporkent Sitesi 4. Etap Is\u0131tma Sistemi Kurulmas\u0131 Mersin [&hellip;]<\/p>\n","protected":false},"author":1,"featured_media":0,"parent":0,"menu_order":0,"comment_status":"closed","ping_status":"closed","template":"","meta":{"footnotes":""},"class_list":["post-409","page","type-page","status-publish","hentry"],"aioseo_notices":[],"_links":{"self":[{"href":"https:\/\/www.kubamuhendislik.com\/en\/index.php?rest_route=\/wp\/v2\/pages\/409","targetHints":{"allow":["GET"]}}],"collection":[{"href":"https:\/\/www.kubamuhendislik.com\/en\/index.php?rest_route=\/wp\/v2\/pages"}],"about":[{"href":"https:\/\/www.kubamuhendislik.com\/en\/index.php?rest_route=\/wp\/v2\/types\/page"}],"author":[{"embeddable":true,"href":"https:\/\/www.kubamuhendislik.com\/en\/index.php?rest_route=\/wp\/v2\/users\/1"}],"replies":[{"embeddable":true,"href":"https:\/\/www.kubamuhendislik.com\/en\/index.php?rest_route=%2Fwp%2Fv2%2Fcomments&post=409"}],"version-history":[{"count":6,"href":"https:\/\/www.kubamuhendislik.com\/en\/index.php?rest_route=\/wp\/v2\/pages\/409\/revisions"}],"predecessor-version":[{"id":507,"href":"https:\/\/www.kubamuhendislik.com\/en\/index.php?rest_route=\/wp\/v2\/pages\/409\/revisions\/507"}],"wp:attachment":[{"href":"https:\/\/www.kubamuhendislik.com\/en\/index.php?rest_route=%2Fwp%2Fv2%2Fmedia&parent=409"}],"curies":[{"name":"wp","href":"https:\/\/api.w.org\/{rel}","templated":true}]}}